{"id":15,"date":"2023-07-25T12:31:20","date_gmt":"2023-07-25T10:31:20","guid":{"rendered":"https:\/\/martingatoux.fr\/?page_id=15"},"modified":"2023-08-21T17:34:05","modified_gmt":"2023-08-21T15:34:05","slug":"essais","status":"publish","type":"page","link":"https:\/\/martingatoux.fr\/?page_id=15","title":{"rendered":"R\u00e9cits &#038; recherches"},"content":{"rendered":"<style>.wp-block-kadence-advancedheading.kt-adv-heading15_e47185-a5, .wp-block-kadence-advancedheading.kt-adv-heading15_e47185-a5[data-kb-block=\"kb-adv-heading15_e47185-a5\"]{margin-top:var(--global-kb-spacing-5xl, 10rem);font-size:var(--global-kb-font-size-xl, 3rem);font-style:normal;}.wp-block-kadence-advancedheading.kt-adv-heading15_e47185-a5 mark, .wp-block-kadence-advancedheading.kt-adv-heading15_e47185-a5[data-kb-block=\"kb-adv-heading15_e47185-a5\"] mark{font-style:normal;color:#f76a0c;padding-top:0px;padding-right:0px;padding-bottom:0px;padding-left:0px;}<\/style>\n<h2 class=\"kt-adv-heading15_e47185-a5 wp-block-kadence-advancedheading has-theme-palette-4-color has-text-color\" data-kb-block=\"kb-adv-heading15_e47185-a5\">R\u00e9cits et recherches<\/h2>\n\n\n<style>.wp-block-kadence-advancedheading.kt-adv-heading15_33f431-27, .wp-block-kadence-advancedheading.kt-adv-heading15_33f431-27[data-kb-block=\"kb-adv-heading15_33f431-27\"]{font-size:16px;font-style:normal;}.wp-block-kadence-advancedheading.kt-adv-heading15_33f431-27 mark, .wp-block-kadence-advancedheading.kt-adv-heading15_33f431-27[data-kb-block=\"kb-adv-heading15_33f431-27\"] mark{font-style:normal;color:#f76a0c;padding-top:0px;padding-right:0px;padding-bottom:0px;padding-left:0px;}<\/style>\n<h2 class=\"kt-adv-heading15_33f431-27 wp-block-kadence-advancedheading has-theme-palette-4-color has-text-color\" data-kb-block=\"kb-adv-heading15_33f431-27\">La photographie animali\u00e8re est une activit\u00e9 en plein d\u00e9veloppement et la faune sauvage n&#8217;a jamais \u00e9t\u00e9 autant mise en image qu&#8217;aujourd&#8217;hui, des images qui inondent les r\u00e9seaux sociaux. Ici, on n&#8217;ajoutera pas du contenu suppl\u00e9mentaire sur la technique de la photographie animali\u00e8re, mais on interrogera le d\u00e9veloppement de cette pratique, ses codes techniques, esth\u00e9tiques et \u00e9thiques, en s&#8217;appuyant tant sur des r\u00e9cits personnels que sur les outils que les sciences sociales et la philosophie d\u00e9veloppent dans le contexte de bouleversements \u00e9cologiques actuels.<\/h2>\n\n\n<style>.wp-block-kadence-advancedheading.kt-adv-heading15_7e9469-9c, .wp-block-kadence-advancedheading.kt-adv-heading15_7e9469-9c[data-kb-block=\"kb-adv-heading15_7e9469-9c\"]{font-size:var(--global-kb-font-size-md, 1.25rem);font-style:normal;}.wp-block-kadence-advancedheading.kt-adv-heading15_7e9469-9c mark, .wp-block-kadence-advancedheading.kt-adv-heading15_7e9469-9c[data-kb-block=\"kb-adv-heading15_7e9469-9c\"] mark{font-style:normal;color:#f76a0c;padding-top:0px;padding-right:0px;padding-bottom:0px;padding-left:0px;}<\/style>\n<h2 class=\"kt-adv-heading15_7e9469-9c wp-block-kadence-advancedheading has-theme-palette-1-color has-text-color\" data-kb-block=\"kb-adv-heading15_7e9469-9c\">Contenu \u00e0 venir tr\u00e8s prochainement !<\/h2>\n","protected":false},"excerpt":{"rendered":"<p>R\u00e9cits et recherches La photographie animali\u00e8re est une activit\u00e9 en plein d\u00e9veloppement et la faune sauvage n&#8217;a jamais \u00e9t\u00e9 autant mise en image qu&#8217;aujourd&#8217;hui, des images qui inondent les r\u00e9seaux sociaux. Ici, on n&#8217;ajoutera pas du contenu suppl\u00e9mentaire sur la technique de la photographie animali\u00e8re, mais on interrogera le d\u00e9veloppement de cette pratique, ses codes&#8230;<\/p>\n","protected":false},"author":1,"featured_media":0,"parent":0,"menu_order":2,"comment_status":"closed","ping_status":"closed","template":"","meta":{"_monsterinsights_skip_tracking":false,"_monsterinsights_sitenote_active":false,"_monsterinsights_sitenote_note":"","_monsterinsights_sitenote_category":0,"_kad_post_transparent":"","_kad_post_title":"","_kad_post_layout":"narrow","_kad_post_sidebar_id":"","_kad_post_content_style":"","_kad_post_vertical_padding":"","_kad_post_feature":"","_kad_post_feature_position":"","_kad_post_header":false,"_kad_post_footer":false,"footnotes":""},"_links":{"self":[{"href":"https:\/\/martingatoux.fr\/index.php?rest_route=\/wp\/v2\/pages\/15"}],"collection":[{"href":"https:\/\/martingatoux.fr\/index.php?rest_route=\/wp\/v2\/pages"}],"about":[{"href":"https:\/\/martingatoux.fr\/index.php?rest_route=\/wp\/v2\/types\/page"}],"author":[{"embeddable":true,"href":"https:\/\/martingatoux.fr\/index.php?rest_route=\/wp\/v2\/users\/1"}],"replies":[{"embeddable":true,"href":"https:\/\/martingatoux.fr\/index.php?rest_route=%2Fwp%2Fv2%2Fcomments&post=15"}],"version-history":[{"count":9,"href":"https:\/\/martingatoux.fr\/index.php?rest_route=\/wp\/v2\/pages\/15\/revisions"}],"predecessor-version":[{"id":1151,"href":"https:\/\/martingatoux.fr\/index.php?rest_route=\/wp\/v2\/pages\/15\/revisions\/1151"}],"wp:attachment":[{"href":"https:\/\/martingatoux.fr\/index.php?rest_route=%2Fwp%2Fv2%2Fmedia&parent=15"}],"curies":[{"name":"wp","href":"https:\/\/api.w.org\/{rel}","templated":true}]}}